{"id":8169,"date":"2011-08-14T23:00:32","date_gmt":"2011-08-15T04:00:32","guid":{"rendered":"http:\/\/www.lashistorias.com.mx\/?page_id=8169"},"modified":"2016-10-26T10:18:39","modified_gmt":"2016-10-26T15:18:39","slug":"ahi-esta-juan-villoro","status":"publish","type":"page","link":"https:\/\/www.lashistorias.com.mx\/index.php\/textos\/ahi-esta-juan-villoro\/","title":{"rendered":"\u00a1Ah\u00ed est\u00e1 Juan Villoro! (cr\u00f3nica)"},"content":{"rendered":"<p><em>Esta serie de observaciones sobre los famosos (y quienes los admiran) se public\u00f3 en 2009 en la revista <\/em>Chilango<em> como entrega de una columna que dur\u00f3 poco m\u00e1s de un a\u00f1o y cuyo tema era lo extra\u00f1o cotidiano: los sucesos inusitados, absurdos o maravillosos de todos los d\u00edas. Todo lo ocurrido es aproximadamente cierto. Ciertos nombres se ocultan por razones que se ver\u00e1n.<\/em><\/p>\n<p>Una tarde, en un cine, vi a un grupo de mujeres con hermosos, car\u00edsimos vestidos de coctel comprando boletos en la taquilla. Una de ellas era ######, a quien le pregunt\u00e9 d\u00f3nde era la fiesta. Ella me se\u00f1al\u00f3 una de las salas: afuera ya hab\u00eda muchas otras mujeres con hermosos y caros vestidos de coctel esperando entrar a ver <em>Sex and the City<\/em>, la pel\u00edcula basada en la serie, que se estrenaba ese mismo d\u00eda.<br \/>\n&nbsp;&nbsp;&nbsp;&nbsp;&nbsp;&nbsp;      Yo sab\u00eda de la existencia de la serie. M\u00e1s o menos. Pregunt\u00e9: \u2014\u00bfPor qu\u00e9 de coctel?<br \/>\n&nbsp;&nbsp;&nbsp;&nbsp;&nbsp;&nbsp;      \u2014Carrie siempre lleva unos vestidos de superlujo \u2014dijo ######. Tambi\u00e9n dijo que muchas otras mujeres estaban llegando en vestido de coctel a muchas otras salas de cine en todo el mundo, o al menos en M\u00e9xico. De hecho la pel\u00edcula iba a tardar todav\u00eda una hora o dos en comenzar, pero hab\u00eda que llegar temprano para obtener buenos lugares en la sala\u2026<br \/>\n&nbsp;&nbsp;&nbsp;&nbsp;&nbsp;&nbsp;      \u2014\u00bfQui\u00e9n es Carrie? \u2014pregunt\u00e9.<br \/>\n&nbsp;&nbsp;&nbsp;&nbsp;&nbsp;&nbsp;      ###### me explic\u00f3.<br \/>\n&nbsp;&nbsp;&nbsp;&nbsp;&nbsp;&nbsp;      Y entonces me re\u00ed y dije mi tonter\u00eda:<br \/>\n&nbsp;&nbsp;&nbsp;&nbsp;&nbsp;&nbsp;      \u2014Es como cuando los fans de <em>El se\u00f1or de los anillos<\/em> iban disfrazados de elfos\u2026<br \/>\n&nbsp;&nbsp;&nbsp;&nbsp;&nbsp;&nbsp;      \u2014Esos son freaks \u2014dijo ######, muy ofendida.<\/p>\n<div align=center>*  *  *<\/div>\n<p>######## es fan de Depeche Mode y ha ido a todos los conciertos que el grupo ha dado en el pa\u00eds as\u00ed como a muchos en otros pa\u00edses. Cuando llega la nueva gira \u00e9l ya ha ahorrado para comprar un boleto de, por lo menos, cada fecha anunciada en la ciudad de M\u00e9xico, o bien ha vendido cosas o pedido prestado para obtener el dinero. Una vez que tiene los boletos, ######## deja todo y se hospeda en el hotel m\u00e1s cercano al estadio o foro donde vayan a ser los conciertos; as\u00ed puede llegar con horas de anticipaci\u00f3n y ocupar un sitio directamente junto al escenario\u2026<br \/>\n&nbsp;&nbsp;&nbsp;&nbsp;&nbsp;&nbsp;     Todo le iba bien hasta principios de este a\u00f1o, cuando fij\u00f3 la fecha de su boda\u2026 sin consultar primero cu\u00e1ndo vendr\u00eda DM a dar conciertos en el DF. Al ver que en qu\u00e9 d\u00edas se iban a presentar, se dio cuenta de que deber\u00eda posponer el casamiento. Y entonces su prometida (contra lo que \u00e9l esperaba) se enoj\u00f3 much\u00edsimo:<br \/>\n&nbsp;&nbsp;&nbsp;&nbsp;&nbsp;&nbsp;     \u2014\u00a1No puede ser que no puedas no ir a un cochino concierto! \u2014se quejaba ella, pronunciando muy fuerte cada \u201cno\u201d.<br \/>\n&nbsp;&nbsp;&nbsp;&nbsp;&nbsp;&nbsp;     \u2014\u00a1Se puede hacer al d\u00eda siguiente! \u2014se quejaba \u00e9l.<br \/>\n&nbsp;&nbsp;&nbsp;&nbsp;&nbsp;&nbsp;     Y entonces ella dijo su tonter\u00eda:<br \/>\n&nbsp;&nbsp;&nbsp;&nbsp;&nbsp;&nbsp;     \u2014No puede ser que te importe m\u00e1s una banda darketa\u2026<br \/>\n&nbsp;&nbsp;&nbsp;&nbsp;&nbsp;&nbsp;     \u2014No es darketa \u2014grit\u00f3 ########, y lo volvi\u00f3 a gritar, y la verdad no s\u00e9 lo que pas\u00f3 despu\u00e9s.<\/p>\n<div align=center>*  *  *<\/div>\n<p>Una noche fui con amigos a cenar al Covadonga, en la colonia Roma. El lugar es frecuentado por escritores, actores y otros famosos, como pudimos comprobar entonces:<br \/>\n&nbsp;&nbsp;&nbsp;&nbsp;&nbsp;&nbsp;      \u2014Juan Villoro \u2014dijo una muchacha, ############, a la que yo apenas conoc\u00eda; era invitada de otro amigo\u2014. Ah\u00ed est\u00e1 Juan Villoro.<br \/>\n&nbsp;&nbsp;&nbsp;&nbsp;&nbsp;&nbsp;      Y en efecto, en otra mesa al otro lado del local, rodeado de muchos escritores interesantes, estaba Villoro: alto, barbado, sonriente. Yo he podido conversar con \u00e9l una vez y es un gran conversador. Pero entonces no quise mencionarlo porque ############ empez\u00f3 a decir:<br \/>\n&nbsp;&nbsp;&nbsp;&nbsp;&nbsp;&nbsp;      \u2014\u00a1Ah\u00ed est\u00e1 Juan Villoro, ah\u00ed est\u00e1 Juan Villoro, ah\u00ed est\u00e1 Juan Villoro! \u2014cada vez m\u00e1s r\u00e1pido y con menos aliento, y se abanicaba con las manos, y a pesar de estar sentada se las arreglaba para dar saltitos\u2014 \u00bfAlguien conoce a Juan Villoro? \u00bfAlguien lo conoce? \u00a1Ah\u00ed est\u00e1! \u00a1Ah\u00ed est\u00e1 Juan Villoro!<br \/>\n&nbsp;&nbsp;&nbsp;&nbsp;&nbsp;&nbsp;      Nadie declar\u00f3 conocer a Villoro.<br \/>\n&nbsp;&nbsp;&nbsp;&nbsp;&nbsp;&nbsp;      \u2014\u00bfLo voy a ver? \u2014pregunt\u00f3 ############ a quienes la rode\u00e1bamos\u2014 \u00bfVoy? \u00bfMe veo bien? \u00bfJuan Villoro s\u00ed deja que le hablen? \u00bfMe veo bien?<br \/>\n&nbsp;&nbsp;&nbsp;&nbsp;&nbsp;&nbsp;      Se le dijo que se ve\u00eda muy bien. Entonces  ############ se llev\u00f3 las manos a sus senos y los levant\u00f3 un poco. \u2014\u00bfS\u00ed se me ven bien? As\u00ed los ten\u00eda a los diecis\u00e9is. Ahora a los veinticinco \u2014quit\u00f3 las manos y sus senos bajaron un poco, poqu\u00edsimo\u2014 los tengo as\u00ed. \u00bfYa vieron? Diecis\u00e9is \u2014los subi\u00f3\u2014, veinticinco \u2014los solt\u00f3\u2014, diecis\u00e9is \u2014los subi\u00f3\u2014, veinticinco\u2014los solt\u00f3\u2014, diecis\u00e9is\u2026<br \/>\n&nbsp;&nbsp;&nbsp;&nbsp;&nbsp;&nbsp;      \u00a1Qu\u00e9 malvados fueron mis compa\u00f1eros de mesa! No la detuvieron sino hasta despu\u00e9s de uno o dos minutos\u2026<\/p>\n<div align=center>[fusion_builder_container hundred_percent=\u00bbyes\u00bb overflow=\u00bbvisible\u00bb][fusion_builder_row][fusion_builder_column type=\u00bb1_1&#8243; background_position=\u00bbleft top\u00bb background_color=\u00bb\u00bb border_size=\u00bb\u00bb border_color=\u00bb\u00bb border_style=\u00bbsolid\u00bb spacing=\u00bbyes\u00bb background_image=\u00bb\u00bb background_repeat=\u00bbno-repeat\u00bb padding=\u00bb\u00bb margin_top=\u00bb0px\u00bb margin_bottom=\u00bb0px\u00bb class=\u00bb\u00bb id=\u00bb\u00bb animation_type=\u00bb\u00bb animation_speed=\u00bb0.3&#8243; animation_direction=\u00bbleft\u00bb hide_on_mobile=\u00bbno\u00bb center_content=\u00bbno\u00bb min_height=\u00bbnone\u00bb]<figure id=\"attachment_8173\" aria-describedby=\"caption-attachment-8173\" style=\"width: 250px\" class=\"wp-caption alignnone\"><img loading=\"lazy\" decoding=\"async\" data-attachment-id=\"8173\" data-permalink=\"https:\/\/www.lashistorias.com.mx\/index.php\/textos\/ahi-esta-juan-villoro\/juan-villoro1\/\" data-orig-file=\"https:\/\/www.lashistorias.com.mx\/wp-content\/uploads\/2011\/08\/juan-villoro1.jpg\" data-orig-size=\"250,324\" data-comments-opened=\"1\" data-image-meta=\"{&quot;aperture&quot;:&quot;0&quot;,&quot;credit&quot;:&quot;&quot;,&quot;camera&quot;:&quot;&quot;,&quot;caption&quot;:&quot;&quot;,&quot;created_timestamp&quot;:&quot;0&quot;,&quot;copyright&quot;:&quot;&quot;,&quot;focal_length&quot;:&quot;0&quot;,&quot;iso&quot;:&quot;0&quot;,&quot;shutter_speed&quot;:&quot;0&quot;,&quot;title&quot;:&quot;&quot;}\" data-image-title=\"Juan Villoro\" data-image-description=\"\" data-image-caption=\"&lt;p&gt;Fuente: clubdecatadores.wordpress.com&lt;\/p&gt;\n\" data-large-file=\"https:\/\/www.lashistorias.com.mx\/wp-content\/uploads\/2011\/08\/juan-villoro1.jpg\" src=\"https:\/\/www.lashistorias.com.mx\/wp-content\/uploads\/2011\/08\/juan-villoro1.jpg\" alt=\"\" title=\"Juan Villoro\" width=\"250\" height=\"324\" class=\"size-full wp-image-8173\" srcset=\"https:\/\/www.lashistorias.com.mx\/wp-content\/uploads\/2011\/08\/juan-villoro1.jpg 250w, https:\/\/www.lashistorias.com.mx\/wp-content\/uploads\/2011\/08\/juan-villoro1-231x300.jpg 231w\" sizes=\"auto, (max-width: 250px) 100vw, 250px\" \/><figcaption id=\"caption-attachment-8173\" class=\"wp-caption-text\">Fuente: clubdecatadores.wordpress.com<\/figcaption><\/figure><\/div>\n[\/fusion_builder_column][\/fusion_builder_row][\/fusion_builder_container]\n","protected":false},"excerpt":{"rendered":"<p>Esta serie de observaciones sobre los famosos (y quienes los admiran) se public\u00f3 en 2009 en la revista Chilango como entrega de una columna que dur\u00f3 poco m\u00e1s de un a\u00f1o y cuyo tema era lo extra\u00f1o cotidiano: los sucesos inusitados, absurdos o maravillosos de todos los d\u00edas. Todo lo ocurrido es aproximadamente cierto. Ciertos&#8230;<\/p>\n","protected":false},"author":1,"featured_media":0,"parent":6609,"menu_order":0,"comment_status":"open","ping_status":"open","template":"","meta":{"advanced_seo_description":"","jetpack_seo_html_title":"","jetpack_seo_noindex":false,"jetpack_post_was_ever_published":false,"footnotes":""},"class_list":["post-8169","page","type-page","status-publish","hentry"],"jetpack_shortlink":"https:\/\/wp.me\/PjEhq-27L","jetpack_sharing_enabled":true,"_links":{"self":[{"href":"https:\/\/www.lashistorias.com.mx\/index.php\/wp-json\/wp\/v2\/pages\/8169","targetHints":{"allow":["GET"]}}],"collection":[{"href":"https:\/\/www.lashistorias.com.mx\/index.php\/wp-json\/wp\/v2\/pages"}],"about":[{"href":"https:\/\/www.lashistorias.com.mx\/index.php\/wp-json\/wp\/v2\/types\/page"}],"author":[{"embeddable":true,"href":"https:\/\/www.lashistorias.com.mx\/index.php\/wp-json\/wp\/v2\/users\/1"}],"replies":[{"embeddable":true,"href":"https:\/\/www.lashistorias.com.mx\/index.php\/wp-json\/wp\/v2\/comments?post=8169"}],"version-history":[{"count":6,"href":"https:\/\/www.lashistorias.com.mx\/index.php\/wp-json\/wp\/v2\/pages\/8169\/revisions"}],"predecessor-version":[{"id":12506,"href":"https:\/\/www.lashistorias.com.mx\/index.php\/wp-json\/wp\/v2\/pages\/8169\/revisions\/12506"}],"up":[{"embeddable":true,"href":"https:\/\/www.lashistorias.com.mx\/index.php\/wp-json\/wp\/v2\/pages\/6609"}],"wp:attachment":[{"href":"https:\/\/www.lashistorias.com.mx\/index.php\/wp-json\/wp\/v2\/media?parent=8169"}],"curies":[{"name":"wp","href":"https:\/\/api.w.org\/{rel}","templated":true}]}}