{"id":8120,"date":"2011-07-27T20:12:10","date_gmt":"2011-07-28T01:12:10","guid":{"rendered":"http:\/\/www.lashistorias.com.mx\/?page_id=8120"},"modified":"2016-10-26T10:18:40","modified_gmt":"2016-10-26T15:18:40","slug":"mi-esposa-es-un-cyborg","status":"publish","type":"page","link":"https:\/\/www.lashistorias.com.mx\/index.php\/textos\/mi-esposa-es-un-cyborg\/","title":{"rendered":"Mi esposa es un cyborg (cr\u00f3nica)"},"content":{"rendered":"[fusion_builder_container hundred_percent=\u00bbyes\u00bb overflow=\u00bbvisible\u00bb][fusion_builder_row][fusion_builder_column type=\u00bb1_1&#8243; background_position=\u00bbleft top\u00bb background_color=\u00bb\u00bb border_size=\u00bb\u00bb border_color=\u00bb\u00bb border_style=\u00bbsolid\u00bb spacing=\u00bbyes\u00bb background_image=\u00bb\u00bb background_repeat=\u00bbno-repeat\u00bb padding=\u00bb\u00bb margin_top=\u00bb0px\u00bb margin_bottom=\u00bb0px\u00bb class=\u00bb\u00bb id=\u00bb\u00bb animation_type=\u00bb\u00bb animation_speed=\u00bb0.3&#8243; animation_direction=\u00bbleft\u00bb hide_on_mobile=\u00bbno\u00bb center_content=\u00bbno\u00bb min_height=\u00bbnone\u00bb][Esta brev\u00edsima cr\u00f3nica apareci\u00f3 publicada en 2011 en el suplemento <em>El \u00c1ngel<\/em>, del diario <em>Reforma<\/em>.]\n<p>&nbsp;<\/p>\n<div align=\"center\"><img loading=\"lazy\" decoding=\"async\" data-attachment-id=\"8121\" data-permalink=\"https:\/\/www.lashistorias.com.mx\/index.php\/textos\/mi-esposa-es-un-cyborg\/miesposaesuncyborg\/\" data-orig-file=\"https:\/\/www.lashistorias.com.mx\/wp-content\/uploads\/2011\/07\/miesposaesuncyborg.jpg\" data-orig-size=\"500,667\" data-comments-opened=\"1\" data-image-meta=\"{&quot;aperture&quot;:&quot;3.1&quot;,&quot;credit&quot;:&quot;&quot;,&quot;camera&quot;:&quot;DSC-S2000&quot;,&quot;caption&quot;:&quot;&quot;,&quot;created_timestamp&quot;:&quot;1306227121&quot;,&quot;copyright&quot;:&quot;&quot;,&quot;focal_length&quot;:&quot;6.2&quot;,&quot;iso&quot;:&quot;400&quot;,&quot;shutter_speed&quot;:&quot;0.008&quot;,&quot;title&quot;:&quot;&quot;}\" data-image-title=\"Mi esposa es un cyborg\" data-image-description=\"\" data-image-caption=\"\" data-large-file=\"https:\/\/www.lashistorias.com.mx\/wp-content\/uploads\/2011\/07\/miesposaesuncyborg.jpg\" class=\"alignnone size-full wp-image-8121\" title=\"Mi esposa es un cyborg\" src=\"https:\/\/www.lashistorias.com.mx\/wp-content\/uploads\/2011\/07\/miesposaesuncyborg.jpg\" alt=\"\" width=\"500\" height=\"667\" srcset=\"https:\/\/www.lashistorias.com.mx\/wp-content\/uploads\/2011\/07\/miesposaesuncyborg.jpg 500w, https:\/\/www.lashistorias.com.mx\/wp-content\/uploads\/2011\/07\/miesposaesuncyborg-224x300.jpg 224w\" sizes=\"auto, (max-width: 500px) 100vw, 500px\" \/><\/div>\n<p>&nbsp;<\/p>\n<p>Mire bien: la imagen no est\u00e1 trucada: el dedo anular de la mano est\u00e1 realmente en contacto con una cadena de tres clips y realmente los levanta. No hay pegamento de por medio. Tampoco hay ning\u00fan punto de apoyo para la cadena.<br \/>\nLa explicaci\u00f3n es muy simple: se trata un im\u00e1n. Un peque\u00f1o im\u00e1n de neodimio que tiene la fuerza suficiente para levantar en el aire una moneda de dos pesos y hacer que se yerga, sin elevarse, una de cinco. El im\u00e1n, encerrado en una c\u00e1psula de silic\u00f3n, est\u00e1 implantado quir\u00fargicamente en el dedo anular: una operaci\u00f3n de media hora y que s\u00f3lo exige un punto de sutura. No hay ning\u00fan efecto secundario.<br \/>\nLa mano es de mi esposa, Raquel.<br \/>\nY si pensamos que cualquier objeto que pasa a formar parte permanente del cuerpo lo transforma, como se dice en las historias de ciencia ficci\u00f3n, entonces mi esposa se ha convertido en un organismo transformado: en un <em>cyborg<\/em>. (Eso s\u00ed, un <em>cyborg<\/em> muy discreto: nadie la confundir\u00eda con Terminator, lo que me llena de una alegr\u00eda que no describir\u00e9.)<br \/>\nLa historia tambi\u00e9n es simple: interesada en el tema de las modificaciones corporales desde hace a\u00f1os, Raquel ha escrito varios art\u00edculos acerca del mismo y ha estado en contacto con varios de sus exponentes m\u00e1s famosos. Uno de ellos, el estadounidense Steve Haworth, invent\u00f3 los implantes magn\u00e9ticos: menos llamativos que un <em>piercing<\/em> pero m\u00e1s interesantes que un tatuaje, al menos en el sentido de que no cambian el aspecto externo de quien los lleva pero, en cambio, le dan dos poderes <em>cyborg<\/em>: le permiten levantar objetos peque\u00f1os y met\u00e1licos \u201ccomo por arte de magia\u201d y, m\u00e1s raro todav\u00eda, lo vuelven capaz de sentir campos magn\u00e9ticos.<br \/>\nAs\u00ed es: el im\u00e1n vibra, silencioso, sin que nadie salvo mi esposa se d\u00e9 cuenta, cuando se enciende cerca un proyector de video o cuando pasa por un detector de mercanc\u00eda en una tienda. O cerca de otro im\u00e1n. Es una ampliaci\u00f3n del sentido del tacto: una aut\u00e9ntica modificaci\u00f3n (aunque sea peque\u00f1\u00edsima) de la forma en que se percibe el mundo.<br \/>\nRaquel fue a Estados Unidos recientemente a visitar a algunos familiares y aprovech\u00f3 \u2013porque s\u00ed, porque la operaci\u00f3n no es realmente cara, porque la vida es corta, yo qu\u00e9 s\u00e9\u2013 para hacer cita en el estudio de Haworth: ahora es una de las poco m\u00e1s de mil personas en el mundo con implante magn\u00e9tico y una nueva manera de asombrar a amigos y conocidos. Con el tiempo nos hemos creado una rutina: yo le consigo alg\u00fan objeto ligero (una corcholata sirve tambi\u00e9n) y ella lo levanta. Quien nos mira nunca advierte de inmediato que pasa algo raro, y a veces se le debe <em>se\u00f1alar<\/em> que lo que ve no es habitual; cuando lo nota, eso s\u00ed, siempre se desconcierta. Puede llegar a maravillarse: a hablar de <em>cyborgs<\/em> y a bromear con el d\u00eda en que Raquel podr\u00e1 voltear una Hummer o unirse a los X-Men.<br \/>\nPero tambi\u00e9n puede tambi\u00e9n preguntar, con una expresi\u00f3n que hemos aprendido a reconocer: \u201c\u00bfY para qu\u00e9?\u201d<br \/>\nAqu\u00ed empiezan los problemas. Hay personas que se empe\u00f1an en creer que es algo relacionado con \u201clos chakras\u201d, \u201cla energ\u00eda\u201d y otros t\u00e9rminos <em>new age<\/em>. Hay quien simplemente no puede aceptar que el implante no tiene un motivo pr\u00e1ctico, que es un capricho o una locura o una peque\u00f1\u00edsima obra de arte: la expresi\u00f3n del car\u00e1cter travieso de Raquel, de su gusto por las bromas y las sorpresas, de su disposici\u00f3n para el asombro\u2026, de varias de las cualidades, en fin, que m\u00e1s amo en ella.<br \/>\nAhora que lo pienso, el otro poder <em>cyborg<\/em> que mi esposa ha adquirido es el siguiente: el de descubrir, rapid\u00edsimamente, el modo de pensar de quienes la rodean, y en especial su capacidad (o su falta de capacidad) para la maravilla.<\/p>\n<p>\u00a9<em> Alberto Chimal, M\u00e9xico, 2011<\/em>[\/fusion_builder_column][\/fusion_builder_row][\/fusion_builder_container]\n","protected":false},"excerpt":{"rendered":"<p>[fusion_builder_container hundred_percent=\u00bbyes\u00bb overflow=\u00bbvisible\u00bb][fusion_builder_row][fusion_builder_column type=\u00bb1_1&#8243; background_position=\u00bbleft top\u00bb background_color=\u00bb\u00bb border_size=\u00bb\u00bb border_color=\u00bb\u00bb border_style=\u00bbsolid\u00bb spacing=\u00bbyes\u00bb background_image=\u00bb\u00bb background_repeat=\u00bbno-repeat\u00bb padding=\u00bb\u00bb margin_top=\u00bb0px\u00bb margin_bottom=\u00bb0px\u00bb class=\u00bb\u00bb id=\u00bb\u00bb animation_type=\u00bb\u00bb animation_speed=\u00bb0.3&#8243; animation_direction=\u00bbleft\u00bb hide_on_mobile=\u00bbno\u00bb center_content=\u00bbno\u00bb min_height=\u00bbnone\u00bb][Esta brev\u00edsima cr\u00f3nica apareci\u00f3 publicada en 2011 en el suplemento El \u00c1ngel, del diario Reforma.] &nbsp; &nbsp; Mire bien: la imagen no est\u00e1 trucada: el dedo anular de la mano est\u00e1 realmente&#8230;<\/p>\n","protected":false},"author":1,"featured_media":0,"parent":6609,"menu_order":0,"comment_status":"open","ping_status":"open","template":"","meta":{"advanced_seo_description":"","jetpack_seo_html_title":"","jetpack_seo_noindex":false,"jetpack_post_was_ever_published":false,"footnotes":""},"class_list":["post-8120","page","type-page","status-publish","hentry"],"jetpack_shortlink":"https:\/\/wp.me\/PjEhq-26Y","jetpack_sharing_enabled":true,"_links":{"self":[{"href":"https:\/\/www.lashistorias.com.mx\/index.php\/wp-json\/wp\/v2\/pages\/8120","targetHints":{"allow":["GET"]}}],"collection":[{"href":"https:\/\/www.lashistorias.com.mx\/index.php\/wp-json\/wp\/v2\/pages"}],"about":[{"href":"https:\/\/www.lashistorias.com.mx\/index.php\/wp-json\/wp\/v2\/types\/page"}],"author":[{"embeddable":true,"href":"https:\/\/www.lashistorias.com.mx\/index.php\/wp-json\/wp\/v2\/users\/1"}],"replies":[{"embeddable":true,"href":"https:\/\/www.lashistorias.com.mx\/index.php\/wp-json\/wp\/v2\/comments?post=8120"}],"version-history":[{"count":10,"href":"https:\/\/www.lashistorias.com.mx\/index.php\/wp-json\/wp\/v2\/pages\/8120\/revisions"}],"predecessor-version":[{"id":12507,"href":"https:\/\/www.lashistorias.com.mx\/index.php\/wp-json\/wp\/v2\/pages\/8120\/revisions\/12507"}],"up":[{"embeddable":true,"href":"https:\/\/www.lashistorias.com.mx\/index.php\/wp-json\/wp\/v2\/pages\/6609"}],"wp:attachment":[{"href":"https:\/\/www.lashistorias.com.mx\/index.php\/wp-json\/wp\/v2\/media?parent=8120"}],"curies":[{"name":"wp","href":"https:\/\/api.w.org\/{rel}","templated":true}]}}