{"id":2345,"date":"2009-02-13T15:33:03","date_gmt":"2009-02-13T21:33:03","guid":{"rendered":"http:\/\/www.lashistorias.com.mx\/?page_id=2345"},"modified":"2016-10-26T10:18:44","modified_gmt":"2016-10-26T15:18:44","slug":"poliziano-e-a-p","status":"publish","type":"page","link":"https:\/\/www.lashistorias.com.mx\/index.php\/poe-2009\/poliziano-e-a-p\/","title":{"rendered":"Poliziano (E. A. P.)"},"content":{"rendered":"<p><strong>[fusion_builder_container hundred_percent=\u00bbyes\u00bb overflow=\u00bbvisible\u00bb][fusion_builder_row][fusion_builder_column type=\u00bb1_1&#8243; background_position=\u00bbleft top\u00bb background_color=\u00bb\u00bb border_size=\u00bb\u00bb border_color=\u00bb\u00bb border_style=\u00bbsolid\u00bb spacing=\u00bbyes\u00bb background_image=\u00bb\u00bb background_repeat=\u00bbno-repeat\u00bb padding=\u00bb\u00bb margin_top=\u00bb0px\u00bb margin_bottom=\u00bb0px\u00bb class=\u00bb\u00bb id=\u00bb\u00bb animation_type=\u00bb\u00bb animation_speed=\u00bb0.3&#8243; animation_direction=\u00bbleft\u00bb hide_on_mobile=\u00bbno\u00bb center_content=\u00bbno\u00bb min_height=\u00bbnone\u00bb][Actualizaci\u00f3n: pronto estar\u00e1 disponible la versi\u00f3n impresa de <em>Poliziano<\/em>, publicada por La Guillotina con nueva revisi\u00f3n de la traducci\u00f3n original y nuevo pr\u00f3logo. Los interesados pueden solicitar detalles <a href=\"https:\/\/www.lashistorias.com.mx\/index.php\/contacto\/correo-electronico\/\">aqu\u00ed<\/a>.]<\/strong><\/p>\n<p>La tragedia inconclusa <em>Poliziano <\/em>(<em>Politian<\/em>) es la \u00fanica obra de teatro escrita por Edgar Allan Poe. Los fragmentos existentes se publicaron en dos entregas (diciembre de 1835 y enero de 1836) en la revista <em>Southern Literary Messenger<\/em>, que tanta importancia tuvo en la carrera de Poe; basada en hechos reales (un caso criminal de la \u00e9poca conocido como <em>La tragedia de Kentucky<\/em>), la obra refiere c\u00f3mo L\u00e1lage, mujer romana deshonrada por el indeciso Castiglione, busca convencer al noble Poliziano de que la ayude en su b\u00fasqueda de venganza.<\/p>\n<p>El estilo de la obra, semejante a las del teatro isabelino en su versificaci\u00f3n y su planteamiento, era muy socorrido en la \u00e9poca de Poe, y \u00e9ste acab\u00f3 por condenarlo. Sin embargo, <em>Poliziano<\/em>, incluso en su forma todav\u00eda incierta, muestra el gran talento de Poe para mezclar y recombinar referencias muy diversas y para destilar y comunicar emociones intensas y complejas con un m\u00ednimo de recursos.<\/p>\n<p>La presente traducci\u00f3n es de mi autor\u00eda y, mientras se publica en papel, se ofrece gratuitamente en la siguiente versi\u00f3n, elaborada por la editorial La Guillotina (cuyo proyecto, por lo dem\u00e1s, es interesant\u00edsimo, como puede verse en su <a href=\"http:\/\/www.scribd.com\/people\/documents\/5488328-ra-l-berea-n-ez\">selecci\u00f3n de t\u00edtulos<\/a>). Un gran agradecimiento a Erika Mergruen y Ra\u00fal Berea.<\/p>\n<p><a title=\"View Poliziano. Tragedia por Edgar Allan Poe on Scribd\" href=\"http:\/\/www.scribd.com\/doc\/10086067\/Poliziano-Tragedia-por-Edgar-Allan-Poe\" style=\"margin: 12px auto 6px auto; font-family: Helvetica,Arial,Sans-serif; font-style: normal; font-variant: normal; font-weight: normal; font-size: 14px; line-height: normal; font-size-adjust: none; font-stretch: normal; -x-system-font: none; display: block; text-decoration: underline;\">Poliziano. Tragedia por Edgar Allan Poe<\/a> <object codebase=\"http:\/\/download.macromedia.com\/pub\/shockwave\/cabs\/flash\/swflash.cab#version=9,0,0,0\" id=\"doc_141617539005176\" name=\"doc_141617539005176\" classid=\"clsid:d27cdb6e-ae6d-11cf-96b8-444553540000\" align=\"middle\"\theight=\"500\" width=\"100%\"><param name=\"movie\"\tvalue=\"http:\/\/d.scribd.com\/ScribdViewer.swf?document_id=10086067&#038;access_key=key-ptrb5023lolu9nay0pf&#038;page=1&#038;version=1&#038;viewMode=list\"><param name=\"quality\" value=\"high\"><param name=\"play\" value=\"true\"><param name=\"loop\" value=\"true\"><param name=\"scale\" value=\"showall\"><param name=\"wmode\" value=\"opaque\"><param name=\"devicefont\" value=\"false\"><param name=\"bgcolor\" value=\"#ffffff\"><param name=\"menu\" value=\"true\"><param name=\"allowFullScreen\" value=\"true\"><param name=\"allowScriptAccess\" value=\"always\"><param name=\"salign\" value=\"\"><param name=\"mode\" value=\"list\"><\/object>\t<\/p>\n<div style=\"margin: 6px auto 3px auto; font-family: Helvetica,Arial,Sans-serif; font-style: normal; font-variant: normal; font-weight: normal; font-size: 12px; line-height: normal; font-size-adjust: none; font-stretch: normal; -x-system-font: none; display: block;\">    <a href=\"http:\/\/www.scribd.com\/upload\" style=\"text-decoration: underline;\">Publish at Scribd<\/a> or <a href=\"http:\/\/www.scribd.com\/browse\" style=\"text-decoration: underline;\">explore<\/a> others:            <a href=\"http:\/\/www.scribd.com\/browse\/Creative-Writing\/Screenplays-Plays?style=text-decoration%3A+underline%3B\">Screenplays &#038; Plays<\/a>              <a href=\"http:\/\/www.scribd.com\/browse\/Creative-Writing\/?style=text-decoration%3A+underline%3B\">Creative Writing<\/a>                  <a href=\"http:\/\/www.scribd.com\/tag\/literatura\" style=\"text-decoration: underline;\">literatura<\/a>              <a href=\"http:\/\/www.scribd.com\/tag\/teatro\" style=\"text-decoration: underline;\">teatro<\/a>      \t<\/div>\n[\/fusion_builder_column][\/fusion_builder_row][\/fusion_builder_container]\n","protected":false},"excerpt":{"rendered":"<p>[fusion_builder_container hundred_percent=\u00bbyes\u00bb overflow=\u00bbvisible\u00bb][fusion_builder_row][fusion_builder_column type=\u00bb1_1&#8243; background_position=\u00bbleft top\u00bb background_color=\u00bb\u00bb border_size=\u00bb\u00bb border_color=\u00bb\u00bb border_style=\u00bbsolid\u00bb spacing=\u00bbyes\u00bb background_image=\u00bb\u00bb background_repeat=\u00bbno-repeat\u00bb padding=\u00bb\u00bb margin_top=\u00bb0px\u00bb margin_bottom=\u00bb0px\u00bb class=\u00bb\u00bb id=\u00bb\u00bb animation_type=\u00bb\u00bb animation_speed=\u00bb0.3&#8243; animation_direction=\u00bbleft\u00bb hide_on_mobile=\u00bbno\u00bb center_content=\u00bbno\u00bb min_height=\u00bbnone\u00bb][Actualizaci\u00f3n: pronto estar\u00e1 disponible la versi\u00f3n impresa de Poliziano, publicada por La Guillotina con nueva revisi\u00f3n de la traducci\u00f3n original y nuevo pr\u00f3logo. Los interesados pueden solicitar detalles aqu\u00ed.] La tragedia inconclusa&#8230;<\/p>\n","protected":false},"author":1,"featured_media":0,"parent":1977,"menu_order":3,"comment_status":"open","ping_status":"open","template":"","meta":{"advanced_seo_description":"","jetpack_seo_html_title":"","jetpack_seo_noindex":false,"jetpack_post_was_ever_published":false,"footnotes":""},"class_list":["post-2345","page","type-page","status-publish","hentry"],"jetpack_shortlink":"https:\/\/wp.me\/PjEhq-BP","jetpack_sharing_enabled":true,"_links":{"self":[{"href":"https:\/\/www.lashistorias.com.mx\/index.php\/wp-json\/wp\/v2\/pages\/2345","targetHints":{"allow":["GET"]}}],"collection":[{"href":"https:\/\/www.lashistorias.com.mx\/index.php\/wp-json\/wp\/v2\/pages"}],"about":[{"href":"https:\/\/www.lashistorias.com.mx\/index.php\/wp-json\/wp\/v2\/types\/page"}],"author":[{"embeddable":true,"href":"https:\/\/www.lashistorias.com.mx\/index.php\/wp-json\/wp\/v2\/users\/1"}],"replies":[{"embeddable":true,"href":"https:\/\/www.lashistorias.com.mx\/index.php\/wp-json\/wp\/v2\/comments?post=2345"}],"version-history":[{"count":8,"href":"https:\/\/www.lashistorias.com.mx\/index.php\/wp-json\/wp\/v2\/pages\/2345\/revisions"}],"predecessor-version":[{"id":12510,"href":"https:\/\/www.lashistorias.com.mx\/index.php\/wp-json\/wp\/v2\/pages\/2345\/revisions\/12510"}],"up":[{"embeddable":true,"href":"https:\/\/www.lashistorias.com.mx\/index.php\/wp-json\/wp\/v2\/pages\/1977"}],"wp:attachment":[{"href":"https:\/\/www.lashistorias.com.mx\/index.php\/wp-json\/wp\/v2\/media?parent=2345"}],"curies":[{"name":"wp","href":"https:\/\/api.w.org\/{rel}","templated":true}]}}