{"id":2313,"date":"2009-02-09T21:25:02","date_gmt":"2009-02-10T03:25:02","guid":{"rendered":"http:\/\/www.lashistorias.com.mx\/?page_id=2313"},"modified":"2009-02-09T21:32:37","modified_gmt":"2009-02-10T03:32:37","slug":"muerte-y-amor-en-poe-y-schwob","status":"publish","type":"page","link":"https:\/\/www.lashistorias.com.mx\/index.php\/poe-2009\/muerte-y-amor-en-poe-y-schwob\/","title":{"rendered":"Muerte y amor en Poe y Schwob (art\u00edculo)"},"content":{"rendered":"<p>\u00abMuerte y amor: lecturas cl\u00e1sicas de Edgar Allan Poe y Marcel Schwob\u00bb es un art\u00edculo de Ana Gonz\u00e1lez-Rivas Fern\u00e1ndez y Francisco Garc\u00eda Jurado, de la Universidad Complutense. Originalmente, se public\u00f3 <a href=\"http:\/\/docs.lib.purdue.edu\/clcweb\/vol10\/iss4\/4\/\">en ingl\u00e9s<\/a> en la revista electr\u00f3nica <em>CLCWeb: Comparative Literature and Culture<\/em>, n\u00famero 10.4 (2008). <em>Las historias<\/em> ofrece la versi\u00f3n en espa\u00f1ol, disponible por primera vez en la red, con autorizaci\u00f3n de los autores; el archivo se encuentra en formato PDF.<\/p>\n<p><a href='https:\/\/www.lashistorias.com.mx\/wp-content\/uploads\/2009\/02\/muerte-y-amor-en-poe-y-schwob.pdf'>Descargar \u00abMuerte y Amor en Poe y Schwob\u00bb<\/a>.<\/p>\n","protected":false},"excerpt":{"rendered":"<p>\u00abMuerte y amor: lecturas cl\u00e1sicas de Edgar Allan Poe y Marcel Schwob\u00bb es un art\u00edculo de Ana Gonz\u00e1lez-Rivas Fern\u00e1ndez y Francisco Garc\u00eda Jurado, de la Universidad Complutense. Originalmente, se public\u00f3 en ingl\u00e9s en la revista electr\u00f3nica CLCWeb: Comparative Literature and Culture, n\u00famero 10.4 (2008). Las historias ofrece la versi\u00f3n en espa\u00f1ol, disponible por primera vez&#8230;<\/p>\n","protected":false},"author":1,"featured_media":0,"parent":1977,"menu_order":3,"comment_status":"open","ping_status":"open","template":"","meta":{"advanced_seo_description":"","jetpack_seo_html_title":"","jetpack_seo_noindex":false,"jetpack_post_was_ever_published":false,"footnotes":""},"class_list":["post-2313","page","type-page","status-publish","hentry"],"jetpack_shortlink":"https:\/\/wp.me\/PjEhq-Bj","jetpack_sharing_enabled":true,"_links":{"self":[{"href":"https:\/\/www.lashistorias.com.mx\/index.php\/wp-json\/wp\/v2\/pages\/2313","targetHints":{"allow":["GET"]}}],"collection":[{"href":"https:\/\/www.lashistorias.com.mx\/index.php\/wp-json\/wp\/v2\/pages"}],"about":[{"href":"https:\/\/www.lashistorias.com.mx\/index.php\/wp-json\/wp\/v2\/types\/page"}],"author":[{"embeddable":true,"href":"https:\/\/www.lashistorias.com.mx\/index.php\/wp-json\/wp\/v2\/users\/1"}],"replies":[{"embeddable":true,"href":"https:\/\/www.lashistorias.com.mx\/index.php\/wp-json\/wp\/v2\/comments?post=2313"}],"version-history":[{"count":2,"href":"https:\/\/www.lashistorias.com.mx\/index.php\/wp-json\/wp\/v2\/pages\/2313\/revisions"}],"predecessor-version":[{"id":2319,"href":"https:\/\/www.lashistorias.com.mx\/index.php\/wp-json\/wp\/v2\/pages\/2313\/revisions\/2319"}],"up":[{"embeddable":true,"href":"https:\/\/www.lashistorias.com.mx\/index.php\/wp-json\/wp\/v2\/pages\/1977"}],"wp:attachment":[{"href":"https:\/\/www.lashistorias.com.mx\/index.php\/wp-json\/wp\/v2\/media?parent=2313"}],"curies":[{"name":"wp","href":"https:\/\/api.w.org\/{rel}","templated":true}]}}