{"id":1977,"date":"2008-12-12T20:18:32","date_gmt":"2008-12-13T01:18:32","guid":{"rendered":"http:\/\/www.lashistorias.com.mx\/?page_id=1977"},"modified":"2016-10-26T10:18:45","modified_gmt":"2016-10-26T15:18:45","slug":"poe-2009","status":"publish","type":"page","link":"https:\/\/www.lashistorias.com.mx\/index.php\/poe-2009\/","title":{"rendered":"Poe 2009"},"content":{"rendered":"<p>Durante todo 2009, <em>Las Historias<\/em> mantuvo abierta una convocatoria para todos sus lectores: publicar sus colaboraciones para crear un archivo electr\u00f3nico de textos sobre Edgar Allan Poe (1809-1849), el gran escritor estadounidense. Los lectores respondieron con numerosas sugerencias y propuestas. Aqu\u00ed est\u00e1 el archivo, que puede ser \u00fatil para los interesados en conocer referencias en espa\u00f1ol acerca de la obra de Poe, quien comienza su tercer siglo como uno de los escritores m\u00e1s influyentes de la cultura occidental. Los n\u00fameros entre corchetes despu\u00e9s de cada enlace indican la fecha en que \u00e9ste fue agregado.<\/p>\n<p><strong>Textos de Poe<\/strong><\/p>\n<ol>\n<li><a href=\"http:\/\/www.ciudadseva.com\/textos\/cuentos\/ing\/poe\/eap.htm\">Selecci\u00f3n de cuentos de Poe en el portal literario Ciudad Seva<\/a> [fusion_builder_container hundred_percent=\u00bbyes\u00bb overflow=\u00bbvisible\u00bb][fusion_builder_row][fusion_builder_column type=\u00bb1_1&#8243; background_position=\u00bbleft top\u00bb background_color=\u00bb\u00bb border_size=\u00bb\u00bb border_color=\u00bb\u00bb border_style=\u00bbsolid\u00bb spacing=\u00bbyes\u00bb background_image=\u00bb\u00bb background_repeat=\u00bbno-repeat\u00bb padding=\u00bb\u00bb margin_top=\u00bb0px\u00bb margin_bottom=\u00bb0px\u00bb class=\u00bb\u00bb id=\u00bb\u00bb animation_type=\u00bb\u00bb animation_speed=\u00bb0.3&#8243; animation_direction=\u00bbleft\u00bb hide_on_mobile=\u00bbno\u00bb center_content=\u00bbno\u00bb min_height=\u00bbnone\u00bb][12\/2\/08]<\/li>\n<li><a href=\"http:\/\/www.esnips.com\/doc\/17ef88ee-e8e0-4d33-a1d3-2b30f26d7ba8\/Cuentos-Completos\u2014E.A.-Poe-(trad.-Julio-Cort%C3%A1zar)\"><em>Cuentos completos<\/em> de Edgar Allan Poe, en versi\u00f3n de Julio Cort\u00e1zar [12\/12\/08]<\/li>\n<p><\/a><\/p>\n<li><a href=\"http:\/\/adncultura.lanacion.com.ar\/nota.asp?nota_id=1078973&#038;origen=relacionadas\">\u00abVon Kempelen y su descubrimiento\u00bb<\/a>, relato de Poe publicado en el diario argentino <em>La Naci\u00f3n<\/em> [13\/1\/09]<\/li>\n<li><a href=\"http:\/\/www.letraslibres.com\/index.php?art=6961\">\u00abPoe sobre Poe\u00bb<\/a>: reedici\u00f3n de un texto publicado an\u00f3nimamente por Poe sobre s\u00ed mismo y su obra en 1845; publicado en espa\u00f1ol en la revista <em>Letras Libres<\/em>, la traducci\u00f3n se hizo a partir de la versi\u00f3n publicada en la colecci\u00f3n <em>Essays and Reviews<\/em> (1984), editada por Gary Thompson [13\/1\/09]<\/li>\n<li>Una <a href=\"http:\/\/www.confabularia.org\/Poe.zip\">colecci\u00f3n de textos<\/a> de Poe (en formato PDF, comprimido) traducidos por Julio Cort\u00e1zar. Despu\u00e9s de dos p\u00e1ginas introductorias y el art\u00edculo \u00abEl poeta, el narrador y el cr\u00edtico\u00bb, de J. C., contiene: \u00abFilosof\u00eda de la composici\u00f3n\u00bb, \u00abEl principio po\u00e9tico\u00bb y \u00abEl jugador de ajedrez de Maelzel\u00bb [13\/1\/09]<\/li>\n<li><a href=\"http:\/\/www.letralia.com\/transletralia\/cuervo\/index.htm\">Tres traducciones de \u00abThe Raven\u00bb de Poe<\/a>, presentadas por Manuel Cabesa en el portal <em>Letralia<\/em>: \u00abLe corbeau\u00bb, traducci\u00f3n francesa de Charles Baudelaire; \u00abO corvo\u00bb, traducci\u00f3n portuguesa de Fernando Pessoa, y \u00abEl cuervo\u00bb, traducci\u00f3n espa\u00f1ola de Juan Antonio P\u00e9rez Bonalde [17\/1\/09]<\/li>\n<li>Selecci\u00f3n de <a href=\"http:\/\/floresliterarias.blogspot.com\/2008\/12\/las-flores-de-edgar-allan-poecenter.html\">referencias florales<\/a> en la poes\u00eda de Poe, del blog especializado <em>Flores literarias<\/em> [18\/1\/09]<\/li>\n<li>Una edici\u00f3n de la <a href=\"http:\/\/eltallerliterario.com.ar\/wp-content\/uploads\/2009\/01\/narrativa-completa-edgar-allan-poe.pdf\">Narrativa completa<\/a> de Poe, albergada en el sitio El Taller Literario [25\/1\/09]<\/li>\n<li>Una <a href=\"http:\/\/cmcorp00.blogspot.com\/2008\/09\/el-cuervo-de-edgar-allan-poe.html\">traducci\u00f3n r\u00edtmica de \u00abEl cuervo\u00bb<\/a> por Carlos Manuel Cruz Meza [20\/2\/09]<\/li>\n<li>En Espa\u00f1a <a href=\"http:\/\/www.sinsentido.es\/editorial_catalogo_ficha.cfm?id=1987\">se ha publicado el libro<\/a> <em>Siniestras amadas: delirios necro-rom\u00e1nticos de Edgar Allan Poe<\/em>, que re\u00fane nuevas traducciones de cuatro cuentos (\u00abLigeia\u00bb, \u00abMorella\u00bb, \u00abBerenice\u00bb y \u00abEleonora\u00bb) y 18 poemas del escritor, todos unidos por el ser dedicados a mujeres reales o imaginarias. Se trata de poemas gr\u00e1ficos, breves comics; las traducciones e ilustraciones son de Jack Mircala [25\/5\/09]<\/li>\n<li>No est\u00e1 en castellano pero quede constancia por su gran inter\u00e9s: ya est\u00e1 disponible en Internet la <a href=\"http:\/\/books.google.com\/books?id=euaYdgkWrxwC\">primera edici\u00f3n de sus <em>Obras completas<\/em><\/a>, compilada y prologada por Rufus Wilmot Griswold, el enemigo literario de Poe que, precisamente con esta edici\u00f3n, intent\u00f3 destruir la reputaci\u00f3n de \u00e9ste [25\/5\/2009]<\/li>\n<li>El sitio <a href=\"http:\/\/www.lamaquinadeltiempo.com\/Poe\/indexpoe.htm\">La m\u00e1quina del tiempo<\/a> ofrece <a href=\"http:\/\/www.lamaquinadeltiempo.com\/Poe\/filosofiad.htm\">\u00abLa filosof\u00eda del mobiliario\u00bb<\/a>, un ensayo curioso de Poe; los poemas <a href=\"http:\/\/www.lamaquinadeltiempo.com\/poemas\/poe02.htm\">\u00abLa ciudad en el mar\u00bb<\/a>, <a href=\"http:\/\/www.lamaquinadeltiempo.com\/Poe\/cuervo01.htm\">\u00abEl cuervo\u00bb<\/a> (en versi\u00f3n de A. P\u00e9rez Bonalde) y <a href=\"http:\/\/www.lamaquinadeltiempo.com\/poemas\/poe01.htm\">\u00abLa durmiente\u00bb<\/a>, y una selecci\u00f3n de <a href=\"http:\/\/www.lamaquinadeltiempo.com\/traducc.htm\">traducciones de \u00abLa carta robada\u00bb<\/a> (se encuentran a la mitad de la p\u00e1gina)[4\/8\/09]<\/li>\n<\/ol>\n<p><strong>Textos sobre Poe<\/strong><\/p>\n<ol>\n<li><a href=\"http:\/\/ingenierias.uanl.mx\/8\/pdf\/8_Jorge_Munnshe_El_universo_segun.pdf\">\u00abEl universo seg\u00fan Poe\u00bb por Jorge Muhnshe<\/a>. Un ensayo acerca de Eureka publicado en la revista <em>Ingenier\u00edas<\/em> de la Universidad Aut\u00f3noma de Nuevo Le\u00f3n [PDF] [12\/12\/08]<\/li>\n<li><a href=\"http:\/\/www.ucm.es\/BUCM\/revistas\/fll\/11330406\/articulos\/RFAL9898110199A.PDF\">\u00abLa influencia de Edgar Allan Poe en <em>Flederm\u00e4use<\/em> de Gustav Meyrink\u00bb por \u00c1ngeles Gonz\u00e1lez<\/a>. Ensayo publicado por la Revista de Filolog\u00eda Alemana de la Universidad Complutense de Madrid [PDF] [12\/12\/08]<\/li>\n<li><a href=\"http:\/\/cvc.cervantes.es\/obref\/aih\/pdf\/05\/aih_05_2_010.pdf\">\u00abFern\u00e1n Caballero y las fortunas literarias de Edgar Allan Poe en Espa\u00f1a\u00bb por Lawrence H. Klibbe<\/a>. Ensayo publicado en las Actas del V Congreso de la Asociaci\u00f3n Internacional de Hispanistas y reproducido por el Centro Virtual Cervantes [12\/12\/08]<\/li>\n<li><a href=\"http:\/\/adncultura.lanacion.com.ar\/nota.asp?nota_id=1079028&#038;origen=relacionadas\">\u00abL\u00facido humor\u00bb<\/a>, un art\u00edculo de Jorge Volpi sobre \u00abVon Kempelen y su descubrimiento\u00bb [13\/1\/09]<\/li>\n<li>Un art\u00edculo de Ana Gonz\u00e1lez-Rivas y Francisco Garc\u00eda<br \/>\nJurado <a href=\"http:\/\/docs.lib.purdue.edu\/clcweb\/vol10\/iss4\/4\/\">\u00abDeath and Love: Edgar Allan Poe&#8217;s and Marcel<br \/>\nSchwob&#8217;s Readings of the Classics\u00bb<\/a>, publicado en <em>CLCWeb: Comparative Literature and Culture<\/em> [25\/1\/09]<\/li>\n<li>La <a href=\"https:\/\/www.lashistorias.com.mx\/index.php\/poe-2009\/muerte-y-amor-en-poe-y-schwob\/\">versi\u00f3n en espa\u00f1ol<\/a> del art\u00edculo anterior se agrega desde hoy, alojada directamente en <em>Las historias<\/em> [9\/2\/09]<\/li>\n<li>Una <a href=\"http:\/\/www.eluniversal.com.mx\/notas\/570129.html\">colecci\u00f3n de opiniones sobre Poe<\/a> de diversos autores, publicada en el diario El Universal [9\/2\/09]<\/li>\n<li><a href=\"http:\/\/www.elcomercio.com.pe\/edicionimpresa\/Html\/2009-01-18\/huella-poe-america-latina.html\">\u00abHuella de Poe en Am\u00e9rica Latina\u00bb<\/a>, un texto de Harry Belev\u00e1n publicado en el diario peruano <em>El Comercio<\/em> [17\/2\/09]<\/li>\n<li><a href=\"http:\/\/cmcorp00.blogspot.com\/2009\/02\/poest-mortem.html\">\u00abPoest Mortem\u00bb<\/a>, ensayo de Carlos Manuel Cruz Meza [20\/2\/09]<\/li>\n<li><a href=\"http:\/\/www.elpais.com\/articulo\/semana\/hijos\/Poe\/elpepuculbab\/20090124elpbabese_6\/Tes\">\u00abLos hijos de Poe\u00bb<\/a>, un art\u00edculo de Fernando Savater publicado en <em>El Pa\u00eds<\/em> [20\/2\/09]<\/li>\n<li><a href=\"http:\/\/www.letraslibres.com\/index.php?art=13615\">\u00abPoe, entre Abu Ghraib y los antipoetas\u00bb<\/a>, un art\u00edculo de Christopher Dom\u00ednguez Michael en <em>Letras Libres<\/em> [20\/2\/09]<\/li>\n<li><a href=\"http:\/\/www.scielo.cl\/scielo.php?pid=S0718-09342002005100004&#038;script=sci_arttext\">\u00abFicci\u00f3n y metaficci\u00f3n en la narraci\u00f3n de Arthur Gordon Pym de Edgar Allan Poe\u00bb<\/a>, un ensayo de Andr\u00e9s Ferrada Aguilar, de la Universidad Cat\u00f3lica de Valpara\u00edso, Chile [25\/5\/09]<\/li>\n<li><em><a href=\"http:\/\/etheses.whiterose.ac.uk\/113\/\">The Construction of the Subject in the Short Fiction of Edgar Allan Poe<\/a><\/em> es la tesis doctoral de Christopher Rollason, colaborador frecuente y entusiasta de este proyecto [14\/7\/09]<\/li>\n<\/ol>\n<p><strong>Video y cine<\/strong><\/p>\n<ol>\n<li>Un documental sobre la muerte de Poe (<a href=\"http:\/\/www.youtube.com\/watch?v=xa_ZYNE6ZQU\">parte 1<\/a> y <a href=\"http:\/\/www.youtube.com\/watch?v=7TpuQppGxkE\">parte 2<\/a>) de la serie <em>Cuarto Milenio [31\/12\/08]<\/em><\/li>\n<li><a href=\"http:\/\/www.tu.tv\/videos\/los-simpsons-el-cuervo\">\u00abEl cuervo\u00bb en la versi\u00f3n de <em>Los Simpson<\/em><\/a> [13\/1\/09]<\/li>\n<li><a href=\"http:\/\/www.youtube.com\/watch?v=BuZMhbU5TPY\">\u00abAnnabel Lee\u00bb<\/a>, canci\u00f3n de Radio Futura (del \u00e1lbum <em>La canci\u00f3n de Juan Perro<\/em>, 1986) a partir del poema de Poe [17\/1\/09]<\/li>\n<li>\u00abSombras\u00bb, espect\u00e1culo de t\u00edteres de la compa\u00f1\u00eda Luna Morena con base en textos de Poe: <a href=\"http:\/\/www.youtube.com\/watch?v=jBdVOKndI8I\">este video<\/a> es una muestra de la obra y <a href=\"http:\/\/www.youtube.com\/watch?v=eh6Xmdy7moA\">este otro<\/a> un fragmento de la presentaci\u00f3n del grupo en el Festival de Manigases, Qu\u00e9bec, en 2006 [6\/3\/09]<\/li>\n<li><em><a href=\"http:\/\/criticadetv-zitrofr.blogspot.com\/2009\/04\/dos-ojos-maleficos-subtitulado-en.html\">Dos ojos mal\u00e9ficos<\/a><\/em>, dos historias de Poe adaptadas por Dario Argento y George A. Romero; con subt\u00edtulos [25\/5\/09]<\/li>\n<\/ol>\n<p><strong>Audio<\/strong><\/p>\n<ol>\n<li><a href=\"http:\/\/www.ojai.net\/swanson\/theraven.htm\">Christopher Walken lee \u00abEl cuervo\u00bb<\/a> [9\/2\/09]<\/li>\n<li><em><a href=\"http:\/\/www.radiounam.unam.mx\/site\/index.php?option=com_content&#038;view=article&#038;id=111:poe2&#038;catid=39:destacados\">Edgar Allan Poe a 200 a\u00f1os de su nacimiento<\/a><\/em>, una grabaci\u00f3n realizada por Radio UNAM [25\/5\/09]<\/li>\n<\/ol>\n<p><strong>Academia<\/strong><\/p>\n<ol>\n<li><a href=\"http:\/\/www.uclm.es\/ab\/humanidades\/0809\/poe.asp\">Congreso Internacional \u00abEdgar Allan Poe: doscientos a\u00f1os despu\u00e9s\u00bb<\/a>, del 3 al 6 de febrero de 2009 en la Facultad de Humanidades de la Universidad de la Universidad de Castilla-La Mancha en Albacete, Espa\u00f1a [12\/12\/08]. ACTUALIZACI\u00d3N: Christopher Rollason ha publicado en su blog sus impresiones personales del congreso de Albacete, en archivos PDF en <a href=\"http:\/\/yatrarollason.info\/files\/AlbacetePOEreportES.pdf\">espa\u00f1ol<\/a> e <a href=\"http:\/\/yatrarollason.info\/files\/AlbacetePOEreportEN.pdf\">ingl\u00e9s<\/a> [17\/2\/09]<\/li>\n<li>Del 11 al 13 de febrero, el colegio de Letras Modernas de la Facultad de Filosof\u00eda y Letras de la UNAM llevar\u00e1 a cabo un coloquio, <a href=\"http:\/\/elgeniodeloperverso.blogspot.com\/\">\u00abPoe: El genio de lo perverso\u00bb<\/a>, en el que el tema de la vida y la obra de nuestro autor se abordar\u00e1 desde numerosas perspectivas diferentes [25\/1\/09]<\/li>\n<li>En Lisboa, Portugal, el 19 y 20 de marzo, en la Faculdade de Letras de la Universidad de Lisboa, se llevar\u00e1 a cabo el simposio internacional <a href=\"http:\/\/cetra.mikt.net\/forum\/read.php?4,715\">\u00abPoe and Gothic Creativity\u00bb<\/a>, organizado por el Centro de Estudios Ingleses de la Universidad [25\/1\/09]<\/li>\n<li>El 22 y 23 de enero se llev\u00f3 a cabo en Niza el coloquio internacional \u00abPOEtiques. L\u2019influence de Poe sur les th\u00e9ories et les pratiques des genres dans le domaine fran\u00e7ais du 19\u00e8me au 21\u00e8me si\u00e8cle\u00bb, en la Universit\u00e9 de NICE Sophia Antipolis [25\/1\/09]<\/li>\n<li>La conferencia internacional \u00abLas traducciones extraordinarias de Edgar Allan Poe\u00bb se celebrar\u00e1 el 27 de noviembre de 2009 en el Instituto de Ciencias del Lenguaje de la Universidad de Mons, B\u00e9lgica. La convocatoria a enviar ponencias se puede leer <a href=\"https:\/\/www.lashistorias.com.mx\/index.php\/archivo\/convocatoria-a-conferencia-internacional-sobre-poe\/\">aqu\u00ed<\/a> [9\/2\/09]<\/li>\n<li>Del 21 al 23 de mayo de 2009, la Universidad de Alcal\u00e1 de Henares (Comunidad de Madrid, Espa\u00f1a) albergar\u00e1 el congreso \u00abPoe presente en el siglo de la ansiedad\u00bb. El plazo para propuestas vence el primero de abril. Toda la informaci\u00f3n est\u00e1 en <a href=\"http:\/\/www.iuien-uah.net\/index.php?option=com_content&#038;task=view&#038;id=1595&#038;Itemid=793\">esta p\u00e1gina<\/a> [17\/2\/09]. ACTUALIZACI\u00d3N: Christopher Rollason ha publicado un <a href=\"http:\/\/christopherrollason.spaces.live.com\/blog\/cns!459178C2F5215F32!1302.entry\">reportaje sobre el congreso<\/a> [4\/8\/09]<\/li>\n<li>La Universidad de Valencia celebrar\u00e1 el congreso internacional <a href=\"http:\/\/www.uv.es\/filoangal\">\u00abGenialidad y psicopat\u00eda en Edgar Allan Poe\u00bb<\/a> del 2 al 4 de diciembre de 2009 [14\/7\/09]<\/li>\n<li>En Belo Horizonte (Brasil), tendr\u00e1 lugar en la Universidade Federal de Minas Gerais congreso internacional <a href=\"http:\/\/www.ufmg.br\/poe\/en\/\">Para Sempre Poe<\/a>, del 20 al 23 de septiembre [14\/7\/09]<\/li>\n<li>Entre el 23 y el 25 de octubre de 2009, la Universitatea de Nord (Baia Mare, Ruman\u00eda) albergar\u00e1 el congreso internacional <a href=\"http:\/\/limo.uv.ro\/events\/poe\">Edgar Allan Poe: The Bicentennial<\/a> [14\/7\/09]<\/li>\n<li>Entre el 19 y el 21 de noviembre de 2009, la Universidad de Extremadura (C\u00e1ceres, Espa\u00f1a) organizar\u00e1 la  International Edgar Allan Poe  Bicentennial Conference: The Long  Shadow  of  a  Tormented Genius. El plazo para enviar res\u00famenes se vence el 20 de septiembre. Informes: caceres.poeconference2009@hotmail.com [14\/7\/09]<\/li>\n<li>Del 21 al 23 de octubre de 2009 tendr\u00e1 lugar en Vi\u00f1a del Mar (Chile) el congreso \u00abEdgar Allan Poe: Bicentenario de un Nacimiento &#8211; Vigilia e Incertidumbre de la Modernidad\u00bb, organizado por el Postgrado en Filosof\u00eda de la Pontificia Universidad Cat\u00f3lica de<br \/>\nValpara\u00edso. Plazo para <a href=\"mailto:poe.pucv@gmail.com\">res\u00famenes<\/a>: 15 de septiembre de 2009. M\u00e1s informes con Roc\u00edo Rivas Villanueva: r.rivasvillanueva@gmail.com [4\/8\/09]<\/li>\n<\/ol>\n<p><strong>Adaptaciones y textos derivados<\/strong><\/p>\n<ol>\n<li><a href=\"http:\/\/www.hislibris.com\/?p=235\">Rese\u00f1a de <em>La sombra de Poe<\/em> de Matthew Pearl<\/a> [12\/12\/08]<\/li>\n<li>C\u00f3mic: <a href=\"http:\/\/www.taringa.net\/posts\/comics\/893650\/Comics,-Edgard-Alan-Poe,-Por-Richard-Corben.html\"><em>Historias extraordinarias<\/em><\/a> de Poe, ilustradas por Richard Corben [31\/12\/08]<\/li>\n<li><a href=\"http:\/\/peliscutres.wordpress.com\/2008\/07\/27\/historias-extraordinarias-1968\/\">Rese\u00f1a de <em>Historias extraordinarias<\/em><\/a> (1968), adaptaci\u00f3n cinematogr\u00e1fica de tres cuentos de Poe [13\/1\/09]<\/li>\n<li><a href=\"https:\/\/www.lashistorias.com.mx\/index.php\/poe-2009\/al-otro-lado-del-muro-cuento\/\">\u00abAl otro lado del muro\u00bb<\/a>, cuento de Ulises Paniagua alojado en <em>Las historias<\/em> [17\/04\/09]<\/li>\n<li>Otro texto que estar\u00e1 alojado en <em>Las historias<\/em>: <a href=\"https:\/\/www.lashistorias.com.mx\/wp-content\/uploads\/2008\/12\/el-oleo-incompleto.pdf\">\u00abEl \u00f3leo incompleto\u00bb<\/a>, cuento en homenaje a Poe de Roberto Salinas [25\/5\/09]<\/li>\n<li><a href=\"http:\/\/www.ngc3660.es\/ngc\/creativa\/ademir\/castigo2\/index.htm\">\u00abCastigo II\u00bb<\/a>, un cuento de Jes\u00fas Ademir Morales que re\u00fane a Poe y Dostoievsky [14\/7\/09]<\/li>\n<li>El 30 de julio de 2009, en el Museo de la Ciudad de Guadalajara ofreci\u00f3 <a href=\"http:\/\/www.informador.com.mx\/cultura\/2009\/125067\/6\/edgar-allan-poe-y-julio-cortazar-en-voz-de-vicente-herrera.htm\">una lectura<\/a>, brindada al p\u00fablico por el actor mexicano Vicente Herrera, del poema <em>El cuervo<\/em> de Poe, m\u00e1s el (muy poeiano) relato \u00abCasa tomada\u00bb de Julio Cort\u00e1zar [28\/9\/09]<\/li>\n<\/ol>\n<p><strong>Varios, noticias, curiosidades<\/strong><\/p>\n<ol>\n<li>Las mascotas del equipo de futbol americano Ravens de Baltimore son tres cuervos llamados&#8230; <a href=\"http:\/\/sabiduriapop.wordpress.com\/2008\/01\/14\/mascotas-de-la-nfl\/\">Edgar, Allan y Poe<\/a> [12\/12\/08]<\/li>\n<li>El videojuego <a href=\"http:\/\/thesolutiontheory.blogspot.com\/2008\/08\/dark-eye.html\"><em>The Dark Eye<\/em><\/a> (1995) fue creado a partir de tres cuentos de Poe; <a href=\"http:\/\/www.trucoteca.com\/guias\/PC\/the-dark-eye-5151\/capitulo1.html\">este segundo enlace<\/a> contiene una gu\u00eda [13\/1\/09]<\/li>\n<li><a href=\"http:\/\/www.tercerafundacion.net\/biblioteca\/ver\/ficha\/9878\">\u00cdndice de la antolog\u00eda<\/a> de <em>Ensayos y cr\u00edticas<\/em> de Poe compilada y traducida por Julio Cort\u00e1zar, publicado en La Tercera Fundaci\u00f3n [13\/1\/09]<\/li>\n<li>Una excelente <a href=\"http:\/\/lectoresaudaces.blogspot.com\/2009\/01\/bicentenario-de-edgar-allan-poe-poe-y.html\">cr\u00f3nica de Ana Gonz\u00e1lez-Rivas<\/a> sobre la figura de Poe y muchas de las actividades y publicaciones que se llevan a cabo para celebrar su legado en estos meses, con un \u00e9nfasis en la relaci\u00f3n de Poe  con la tradici\u00f3n cl\u00e1sica [25\/1\/09]<\/li>\n<li>Una <a href=\"http:\/\/christopherrollason.spaces.live.com\/blog\/cns!459178C2F5215F32!1204.entry\">nota de Christopher Rollason<\/a>, especialista en la obra de Poe, que da cuenta de varias actividades poeianas y solicita informaciones sobre las que est\u00e9n por venir [25\/1\/09]<\/li>\n<li>La editorial P\u00e1ginas de Espuma ha lanzado una <a href=\"http:\/\/www.abc.es\/20090119\/cultura-literatura\/completo-homenaje-200901191244.html\">nueva edici\u00f3n de los <em>Cuentos completos<\/em><\/a> de Poe, en la que las traducciones cl\u00e1sicas de Julio Cort\u00e1zar son comentadas, una a una, por 69 escritores de Am\u00e9rica Latina y Espa\u00f1a. La antolog\u00eda fue coordinada por Jorge Volpi y Fernando Iwasaki y tiene pr\u00f3logos de Carlos Fuentes y Mario Vargas Llosa [25\/1\/09]<\/li>\n<li>El Ayuntamiento de Jerez ha aceptado la  propuesta del presidente de la Asociaci\u00f3n Cultural Jerezana,Jos\u00e9 Luis Jim\u00e9nez, de rotular una calle de la ciudad con el nombre de Escritor Edgar Allan Poe [17\/4\/09]<\/li>\n<li>El 29 de abril, en el Ateneo de Madrid se llev\u00f3 a cabo un <a href=\"http:\/\/christopherrollason.spaces.live.com\/blog\/cns!459178C2F5215F32!1293.entry\">\u00abconcierto de c\u00f3mic\u00bb<\/a> en homenaje a Edgar Allan Poe, incluyendo m\u00fasica, arte gr\u00e1fico y la participaci\u00f3n del actor Fele Mart\u00ednez [25\/5\/09]<\/li>\n<li><a href=\"http:\/\/goldbughunt.blogspot.com\/\">Gold Bug Hunt<\/a>: Un juego curioso basado en el cuento de Poe [14\/7\/09]<\/li>\n<\/ol>\n<p><strong>Agradecimientos<\/strong><br \/>\nSoma, <a href=\"http:\/\/www.fernandasiempre.com.mx\/\">Fernanda<\/a>, <a href=\"http:\/\/christopherrollason.spaces.live.com\">Christopher Rollason<\/a>, Felipe Huerta, <a href=\"http:\/\/fernandoi.wordpress.com\">Fernando Garc\u00eda<\/a>, <a href=\"http:\/\/jminila.blogspot.com\/\">Jonathan Minila<\/a>, <a href=\"http:\/\/lulifera.wordpress.com\">Lul\u00edfera<\/a>, Carola Diez, <a href=\"http:\/\/floresliterarias.blogspot.com\/\">Ang\u00e9lica Beltr\u00e1n<\/a>, Ana Gonz\u00e1lez-Rivas Fern\u00e1ndez, Hern\u00e1n, <a href=\"http:\/\/cmcorp00.blogspot.com\">Carlos Manuel Cruz Meza<\/a>, Javier Ortiz, Adri\u00e1n Sarmiento Ortiz, Caterina Camastra, Gabriela Dami\u00e1n, Jes\u00fas Ademir Morales, Jess&#8230;<\/p>\n<p>&#8230;y todos los otros amigos del proyecto, as\u00ed como sus posibles lectores.<\/p>\n<div align=center><figure id=\"attachment_1966\" aria-describedby=\"caption-attachment-1966\" style=\"width: 220px\" class=\"wp-caption alignnone\"><a ref=\"magnificPopup\" href=\"https:\/\/www.lashistorias.com.mx\/wp-content\/uploads\/2008\/12\/edgar_allan_poe.jpg\"><img loading=\"lazy\" decoding=\"async\" data-attachment-id=\"1966\" data-permalink=\"https:\/\/www.lashistorias.com.mx\/index.php\/convocatoria-poe-2009\/edgar_allan_poe\/\" data-orig-file=\"https:\/\/www.lashistorias.com.mx\/wp-content\/uploads\/2008\/12\/edgar_allan_poe-e1565381587810.jpg\" data-orig-size=\"399,323\" data-comments-opened=\"1\" data-image-meta=\"{&quot;aperture&quot;:&quot;0&quot;,&quot;credit&quot;:&quot;&quot;,&quot;camera&quot;:&quot;&quot;,&quot;caption&quot;:&quot;&quot;,&quot;created_timestamp&quot;:&quot;0&quot;,&quot;copyright&quot;:&quot;&quot;,&quot;focal_length&quot;:&quot;0&quot;,&quot;iso&quot;:&quot;0&quot;,&quot;shutter_speed&quot;:&quot;0&quot;,&quot;title&quot;:&quot;&quot;}\" data-image-title=\"Edgar Allan Poe\" data-image-description=\"&lt;p&gt;Retrato de Poe por Oscar Halling, copiado del daguerrotipo \u00abThompson\u00bb, uno de los \u00faltimos retratos del escritor (1849)&lt;\/p&gt;\n\" data-image-caption=\"&lt;p&gt;Retrato de Poe por Oscar Halling, copiado del daguerrotipo \u00abThompson\u00bb, uno de los \u00faltimos retratos del escritor (1849)&lt;\/p&gt;\n\" data-large-file=\"https:\/\/www.lashistorias.com.mx\/wp-content\/uploads\/2008\/12\/edgar_allan_poe-e1565381587810.jpg\" src=\"https:\/\/www.lashistorias.com.mx\/wp-content\/uploads\/2008\/12\/edgar_allan_poe-220x300.jpg\" alt=\"Retrato de Poe por Oscar Halling, copiado del daguerrotipo \u00abThompson\u00bb, uno de los \u00faltimos retratos del escritor (1849)\" title=\"Edgar Allan Poe\" width=\"220\" height=\"300\" class=\"size-medium wp-image-1966\" \/><\/a><figcaption id=\"caption-attachment-1966\" class=\"wp-caption-text\">Retrato de Poe por Oscar Halling, copiado del daguerrotipo \u00abThompson\u00bb, uno de los \u00faltimos retratos del escritor (1849)<\/figcaption><\/figure><\/div>\n[\/fusion_builder_column][\/fusion_builder_row][\/fusion_builder_container]\n","protected":false},"excerpt":{"rendered":"<p>Durante todo 2009, Las Historias mantuvo abierta una convocatoria para todos sus lectores: publicar sus colaboraciones para crear un archivo electr\u00f3nico de textos sobre Edgar Allan Poe (1809-1849), el gran escritor estadounidense. Los lectores respondieron con numerosas sugerencias y propuestas. Aqu\u00ed est\u00e1 el archivo, que puede ser \u00fatil para los interesados en conocer referencias en&#8230;<\/p>\n","protected":false},"author":1,"featured_media":0,"parent":0,"menu_order":1,"comment_status":"closed","ping_status":"closed","template":"","meta":{"advanced_seo_description":"","jetpack_seo_html_title":"","jetpack_seo_noindex":false,"jetpack_post_was_ever_published":false,"footnotes":""},"class_list":["post-1977","page","type-page","status-publish","hentry"],"jetpack_shortlink":"https:\/\/wp.me\/PjEhq-vT","jetpack_sharing_enabled":true,"_links":{"self":[{"href":"https:\/\/www.lashistorias.com.mx\/index.php\/wp-json\/wp\/v2\/pages\/1977","targetHints":{"allow":["GET"]}}],"collection":[{"href":"https:\/\/www.lashistorias.com.mx\/index.php\/wp-json\/wp\/v2\/pages"}],"about":[{"href":"https:\/\/www.lashistorias.com.mx\/index.php\/wp-json\/wp\/v2\/types\/page"}],"author":[{"embeddable":true,"href":"https:\/\/www.lashistorias.com.mx\/index.php\/wp-json\/wp\/v2\/users\/1"}],"replies":[{"embeddable":true,"href":"https:\/\/www.lashistorias.com.mx\/index.php\/wp-json\/wp\/v2\/comments?post=1977"}],"version-history":[{"count":83,"href":"https:\/\/www.lashistorias.com.mx\/index.php\/wp-json\/wp\/v2\/pages\/1977\/revisions"}],"predecessor-version":[{"id":12513,"href":"https:\/\/www.lashistorias.com.mx\/index.php\/wp-json\/wp\/v2\/pages\/1977\/revisions\/12513"}],"wp:attachment":[{"href":"https:\/\/www.lashistorias.com.mx\/index.php\/wp-json\/wp\/v2\/media?parent=1977"}],"curies":[{"name":"wp","href":"https:\/\/api.w.org\/{rel}","templated":true}]}}