{"id":19,"date":"2005-11-27T12:11:56","date_gmt":"2005-11-27T18:11:56","guid":{"rendered":"http:\/\/www.lashistorias.com.mx\/blog\/?page_id=35"},"modified":"2016-10-26T10:18:58","modified_gmt":"2016-10-26T15:18:58","slug":"concurso","status":"publish","type":"page","link":"https:\/\/www.lashistorias.com.mx\/index.php\/concurso\/","title":{"rendered":"Concurso"},"content":{"rendered":"<p style=\"clear:both;\"><strong>\u00bfCU\u00c1L ES LA HISTORIA?<\/strong><\/p>\n<p><strong><a href=\"https:\/\/www.lashistorias.com.mx\/index.php\/temas\/concurso\/\">Haga clic aqu\u00ed<\/a> para ver todas las convocatorias y listas de ganadores del concurso.<\/strong><\/p>\n<p>Cada mes, \u00abLas historias\u00bb convoca a su concurso <em>\u00bfCu\u00e1l es la historia?<\/em>. El modo de participar es el siguiente:<\/p>\n<p><em>0)<\/em> Buscar, el primer d\u00eda del mes, la nueva imagen publicada en la bit\u00e1cora: ser\u00e1 una foto o un dibujo extra\u00eddo de su contexto y sin mayores explicaciones.<br \/>\n<em>1)<\/em> Suponer que la imagen ilustra una historia.<br \/>\n<em>2)<\/em> Imaginar cu\u00e1l es esa historia: qu\u00e9 est\u00e1 pasando all\u00ed, qu\u00e9 momento se anuncia, por qu\u00e9, qui\u00e9nes est\u00e1n all\u00ed, qu\u00e9 hacen.<br \/>\n<em>3)<\/em> Escribir la historia, en forma de cuento brev\u00edsimo (minificci\u00f3n), en los comentarios de esta misma nota.<\/p>\n<p>Los ganadores de cada mes reciben un trofeo virtual, pero trofeo al fin. Todos quedan invitados.<\/p>\n","protected":false},"excerpt":{"rendered":"<p>\u00bfCU\u00c1L ES LA HISTORIA? Haga clic aqu\u00ed para ver todas las convocatorias y listas de ganadores del concurso. Cada mes, \u00abLas historias\u00bb convoca a su concurso \u00bfCu\u00e1l es la historia?. El modo de participar es el siguiente: 0) Buscar, el primer d\u00eda del mes, la nueva imagen publicada en la bit\u00e1cora: ser\u00e1 una foto o&#8230;<\/p>\n","protected":false},"author":1,"featured_media":0,"parent":0,"menu_order":2,"comment_status":"open","ping_status":"open","template":"","meta":{"advanced_seo_description":"","jetpack_seo_html_title":"","jetpack_seo_noindex":false,"footnotes":""},"class_list":["post-19","page","type-page","status-publish","hentry"],"jetpack_shortlink":"https:\/\/wp.me\/PjEhq-j","jetpack_sharing_enabled":true,"_links":{"self":[{"href":"https:\/\/www.lashistorias.com.mx\/index.php\/wp-json\/wp\/v2\/pages\/19","targetHints":{"allow":["GET"]}}],"collection":[{"href":"https:\/\/www.lashistorias.com.mx\/index.php\/wp-json\/wp\/v2\/pages"}],"about":[{"href":"https:\/\/www.lashistorias.com.mx\/index.php\/wp-json\/wp\/v2\/types\/page"}],"author":[{"embeddable":true,"href":"https:\/\/www.lashistorias.com.mx\/index.php\/wp-json\/wp\/v2\/users\/1"}],"replies":[{"embeddable":true,"href":"https:\/\/www.lashistorias.com.mx\/index.php\/wp-json\/wp\/v2\/comments?post=19"}],"version-history":[{"count":20,"href":"https:\/\/www.lashistorias.com.mx\/index.php\/wp-json\/wp\/v2\/pages\/19\/revisions"}],"predecessor-version":[{"id":6693,"href":"https:\/\/www.lashistorias.com.mx\/index.php\/wp-json\/wp\/v2\/pages\/19\/revisions\/6693"}],"wp:attachment":[{"href":"https:\/\/www.lashistorias.com.mx\/index.php\/wp-json\/wp\/v2\/media?parent=19"}],"curies":[{"name":"wp","href":"https:\/\/api.w.org\/{rel}","templated":true}]}}