{"id":16915,"date":"2025-08-26T21:28:09","date_gmt":"2025-08-27T03:28:09","guid":{"rendered":"https:\/\/www.lashistorias.com.mx\/?page_id=16915"},"modified":"2025-09-03T01:12:35","modified_gmt":"2025-09-03T07:12:35","slug":"concurso-especial-20o-aniversario-de-las-historias","status":"publish","type":"page","link":"https:\/\/www.lashistorias.com.mx\/index.php\/concurso-especial-20o-aniversario-de-las-historias\/","title":{"rendered":"Concurso especial: 20\u00ba aniversario de Las Historias"},"content":{"rendered":"<section class=\"l-section wpb_row height_medium\"><div class=\"l-section-h i-cf\"><div class=\"g-cols vc_row via_grid cols_1 laptops-cols_inherit tablets-cols_inherit mobiles-cols_1 valign_top type_default stacking_default\"><div class=\"wpb_column vc_column_container\"><div class=\"vc_column-inner\"><div class=\"w-text us_custom_554552a9 icon_atleft\"><span class=\"w-text-h\"><i class=\"fad fa-feather\"><\/i><span class=\"w-text-value\">Concurso especial de aniversario<\/span><\/span><\/div><div class=\"wpb_text_column us_custom_ec1e580b\"><div class=\"wpb_wrapper\"><p>Las Historias invita a todas las personas interesadas a participar en su concurso especial de aniversario, de acuerdo con las siguientes<\/p>\n<p><strong>BASES<\/strong><\/p>\n<ol>\n<li>\n<div class=\"gmail_default\">Podr\u00e1n participar personas de cualquier lugar de residencia, que escriban en castellano y tengan de 16 a\u00f1os de edad en adelante. A quienes resulten finalistas se les pedir\u00e1 una identificaci\u00f3n para validar su identidad y su direcci\u00f3n f\u00edsica, as\u00ed como una carta en la que certifiquen la autor\u00eda de su texto.<\/div>\n<\/li>\n<li>\n<div class=\"gmail_default\">Cada persona podr\u00e1 participar con un solo cuento, estrictamente in\u00e9dito, con extensi\u00f3n m\u00ednima de 6 palabras y m\u00e1xima de 1,000, alrededor del tema de LAS HISTORIAS. (Ejemplos: un cuento sobre el acto de contar historias, un cuento sobre alguien que relata o inventa historias, un cuento ambientado en el mundo de una narraci\u00f3n muy conocida, etc\u00e9tera; la interpretaci\u00f3n precisa de la idea base queda al gusto de cada concursante).<\/div>\n<\/li>\n<li>\n<div class=\"gmail_default\">Las personas concursantes podr\u00e1n enviar su cuento mediante la forma de env\u00edo disponible en la parte inferior de esta misma p\u00e1gina. En ella deber\u00e1n introducir su nombre, una direcci\u00f3n v\u00e1lida de correo electr\u00f3nico y el texto de su cuento. Se recomienda contar las palabras del cuento (por ejemplo, en un procesador de texto) antes de realizar el env\u00edo.<\/div>\n<\/li>\n<li>\n<div class=\"gmail_default\">No se aceptar\u00e1n textos generados, en todo o en parte, mediante modelos de lenguaje a gran escala (ChatGPT, Copilot u otros).<\/div>\n<\/li>\n<li>\n<div class=\"gmail_default\">El periodo de recepci\u00f3n de los trabajos se extender\u00e1 de las 0:00:00 horas del primero de septiembre a las 23:59:59 horas del 2 de septiembre de 2025. Los horarios estar\u00e1n de acuerdo con el tiempo del centro de M\u00e9xico. S\u00f3lo se considerar\u00e1n trabajos enviados durante el periodo indicado.<\/div>\n<\/li>\n<li>\n<div class=\"gmail_default\">Un jurado evaluar\u00e1 los textos recibidos y seleccionar\u00e1 al menos cinco finalistas, cuyos t\u00edtulos y autores o autoras se anunciar\u00e1n en noviembre de 2025. De esos trabajos, el jurado elegir\u00e1 uno como ganador. Tambi\u00e9n dar\u00e1 el n\u00famero de menciones honor\u00edficas que considere pertinente. Su fallo ser\u00e1 inapelable.<\/div>\n<\/li>\n<li>El fallo del jurado ser\u00e1 anunciado en una transmisi\u00f3n del canal <a href=\"https:\/\/www.youtube.com\/AlbertoyRaquelMX\">Alberto y Raquel<\/a> el 16 de diciembre de 2025.<\/li>\n<li>\n<div class=\"gmail_default\">La autora o autor del cuento ganador recibir\u00e1 como premio un paquete de libros. El cuento ganador ser\u00e1 publicado en Las Historias, como parte de su antolog\u00eda virtual. Tambi\u00e9n ser\u00e1n publicados los cuentos que obtengan menci\u00f3n honor\u00edfica en caso de haberlos.<\/div>\n<\/li>\n<li>\n<div class=\"gmail_default\">Cualquier imprevisto en el desarrollo de la presente convocatoria ser\u00e1 resuelto por el jurado del concurso.<\/div>\n<\/li>\n<\/ol>\n<p style=\"text-align: right;\"><em>Ciudad de M\u00e9xico, 26 de agosto de 2025<\/em><\/p>\n<\/div><\/div><div class=\"w-iconbox iconpos_top style_default color_primary align_center\"><div class=\"w-iconbox-icon\" style=\"font-size:2rem;\"><i class=\"fas fa-star\"><\/i><\/div><div class=\"w-iconbox-meta\"><h4 class=\"w-iconbox-title\">\u00a1Muchas gracias por participar en el concurso!<\/h4><div class=\"w-iconbox-text\"><p>Pr\u00f3ximamente anunciaremos a los cuentos finalistas.<\/p>\n<\/div><\/div><\/div><div class=\"w-countdown labelpos_bottom us_custom_ec1e580b animation_none after_end_hide\" role=\"timer\" style=\"--label-size:1rem;\" onclick='return {&quot;remainingTime&quot;:9449764}'><div class=\"w-countdown-item\" data-type=\"days\"><span class=\"w-countdown-item-number\"><span>109<\/span><\/span><span class=\"w-countdown-item-label\">d\u00edas<\/span><\/div><div class=\"w-countdown-item\" data-type=\"hours\"><span class=\"w-countdown-item-number\"><span>08<\/span><\/span><span class=\"w-countdown-item-label\">horas<\/span><\/div><div class=\"w-countdown-item\" data-type=\"minutes\"><span class=\"w-countdown-item-number\"><span>56<\/span><\/span><span class=\"w-countdown-item-label\">minutos<\/span><\/div><div class=\"w-countdown-item\" data-type=\"seconds\"><span class=\"w-countdown-item-number\"><span>04<\/span><\/span><span class=\"w-countdown-item-label\">segundos<\/span><\/div><\/div><div class=\"w-html\"><!-- wp:jetpack\/contact-form -->\n\t\t\t\t\t\t\t\t\t\t\t\t\t\t<div class=\"wp-block-jetpack-contact-form\"><\/div>\n\t\t\t\t\t\t\t\t\t\t\t\t\t<!-- \/wp:jetpack\/contact-form --><\/div><\/div><\/div><\/div><\/div><\/section>\n","protected":false},"excerpt":{"rendered":"","protected":false},"author":1,"featured_media":16731,"parent":0,"menu_order":0,"comment_status":"closed","ping_status":"closed","template":"","meta":{"advanced_seo_description":"","jetpack_seo_html_title":"","jetpack_seo_noindex":false,"footnotes":""},"class_list":["post-16915","page","type-page","status-publish","has-post-thumbnail","hentry"],"jetpack_shortlink":"https:\/\/wp.me\/PjEhq-4oP","jetpack_sharing_enabled":true,"_links":{"self":[{"href":"https:\/\/www.lashistorias.com.mx\/index.php\/wp-json\/wp\/v2\/pages\/16915","targetHints":{"allow":["GET"]}}],"collection":[{"href":"https:\/\/www.lashistorias.com.mx\/index.php\/wp-json\/wp\/v2\/pages"}],"about":[{"href":"https:\/\/www.lashistorias.com.mx\/index.php\/wp-json\/wp\/v2\/types\/page"}],"author":[{"embeddable":true,"href":"https:\/\/www.lashistorias.com.mx\/index.php\/wp-json\/wp\/v2\/users\/1"}],"replies":[{"embeddable":true,"href":"https:\/\/www.lashistorias.com.mx\/index.php\/wp-json\/wp\/v2\/comments?post=16915"}],"version-history":[{"count":16,"href":"https:\/\/www.lashistorias.com.mx\/index.php\/wp-json\/wp\/v2\/pages\/16915\/revisions"}],"predecessor-version":[{"id":17030,"href":"https:\/\/www.lashistorias.com.mx\/index.php\/wp-json\/wp\/v2\/pages\/16915\/revisions\/17030"}],"wp:featuredmedia":[{"embeddable":true,"href":"https:\/\/www.lashistorias.com.mx\/index.php\/wp-json\/wp\/v2\/media\/16731"}],"wp:attachment":[{"href":"https:\/\/www.lashistorias.com.mx\/index.php\/wp-json\/wp\/v2\/media?parent=16915"}],"curies":[{"name":"wp","href":"https:\/\/api.w.org\/{rel}","templated":true}]}}