{"id":11134,"date":"2014-06-28T22:32:34","date_gmt":"2014-06-29T03:32:34","guid":{"rendered":"http:\/\/www.lashistorias.com.mx\/?page_id=11134"},"modified":"2016-10-26T10:18:26","modified_gmt":"2016-10-26T15:18:26","slug":"quien-vive-en-el-hotel-overlook","status":"publish","type":"page","link":"https:\/\/www.lashistorias.com.mx\/index.php\/textos\/quien-vive-en-el-hotel-overlook\/","title":{"rendered":"\u00bfQui\u00e9n vive en el Hotel Overlook?"},"content":{"rendered":"<p><em>[fusion_builder_container hundred_percent=\u00bbyes\u00bb overflow=\u00bbvisible\u00bb][fusion_builder_row][fusion_builder_column type=\u00bb1_1&#8243; background_position=\u00bbleft top\u00bb background_color=\u00bb\u00bb border_size=\u00bb\u00bb border_color=\u00bb\u00bb border_style=\u00bbsolid\u00bb spacing=\u00bbyes\u00bb background_image=\u00bb\u00bb background_repeat=\u00bbno-repeat\u00bb padding=\u00bb\u00bb margin_top=\u00bb0px\u00bb margin_bottom=\u00bb0px\u00bb class=\u00bb\u00bb id=\u00bb\u00bb animation_type=\u00bb\u00bb animation_speed=\u00bb0.3&#8243; animation_direction=\u00bbleft\u00bb hide_on_mobile=\u00bbno\u00bb center_content=\u00bbno\u00bb min_height=\u00bbnone\u00bb][Este art\u00edculo se public\u00f3 en 2007, en una versi\u00f3n ligeramente m\u00e1s breve, en la revista <\/em>Vuelo<em>.]<\/em><\/p>\n<p>El hotel embrujado m\u00e1s famoso del mundo es el Overlook, que est\u00e1 en las monta\u00f1as de Colorado y este a\u00f1o cumple su primer siglo. (\u00abLa construcci\u00f3n comenz\u00f3 en 1907\u00bb, declar\u00f3 en su d\u00eda el se\u00f1or Ullman, gerente del hotel y tipo untuoso y siniestro.)<br \/>\nPor d\u00e9cadas, el Overlook fue punto de encuentro de los m\u00e1s ricos y poderosos (\u00abla mejor gente\u00bb); luego fue lugar de dos casos que se difundieron por todo el planeta. En los a\u00f1os setenta, Delbert Grady, un empleado que se encargaba de cuidar el hotel cuando \u00e9ste cerraba en la temporada invernal, asesin\u00f3 brutalmente a su familia y luego se suicid\u00f3; a\u00f1os m\u00e1s tarde, un nuevo guardi\u00e1n, Jack Torrance, intent\u00f3 lo mismo, y si bien su esposa e hijo pudieron escapar, regresaron con historias espantosas sobre la locura que hab\u00eda pose\u00eddo a Torrance: no s\u00f3lo el hotel estaba repleto de fantasmas sino que el propio edificio era una entidad mal\u00e9vola, capaz de inspirar hechos terribles de violencia. Se dijo que el hotel hab\u00eda sido construido sobre un antiguo cementerio indio: sobre los cad\u00e1veres de cientos o miles de muertos por la violencia de los colonizadores venidos de Europa. Se habl\u00f3 de sangre que sal\u00eda del subsuelo y, en una visi\u00f3n experimentada por los supervivientes de la tragedia, parec\u00eda brotar a chorros por las puertas de los ascensores\u2026<br \/>\nSi a usted le interesa visitar el sitio: si quiere recorrer los pasillos, comer en el restaurante, bailar en el lujoso Sal\u00f3n Dorado, tal vez dormir en las c\u00e9lebres habitaciones 217 y 237, en las que se vieron las apariciones m\u00e1s horribles\u2026, debe saber que el Overlook no existe, ni ha existido jam\u00e1s: es s\u00f3lo el escenario de la novela <em>El resplandor<\/em> de Stephen King (1977) y tambi\u00e9n de la versi\u00f3n cinematogr\u00e1fica de la misma, dirigida por Stanley Kubrick en 1980 y protagonizada por Jack Nicholson. (\u00c9ste realiz\u00f3 la actuaci\u00f3n de su vida en el papel de Jack Torrance: la \u201ccara de loco\u201d que ahora se asocia siempre con el actor proviene de sus mejores escenas.)<br \/>\nEl Overlook no existe, pero en verdad es el hotel m\u00e1s famoso, porque su fama proviene del poder de las historias de miedo, que son antiguas como la propia humanidad y disfrutamos ahora como en el pasado. No importa si las vemos en una p\u00e1gina o en una pantalla, ni tampoco si s\u00f3lo las escuchamos \u2013como tantas leyendas urbanas de ahora\u2013: todas ejercen sobre nosotros un poder irresistible. Es el poder de lo siniestro: el de aquellos lugares, objetos y personas que parecen ser como todos los d\u00edas pero de pronto resultan ser distintos, inquietantes, y nos hacen dudar de todo lo que consideramos seguro.<br \/>\nUn hotel de lujo, un sitio de relajaci\u00f3n y placer, se revela como una trampa mortal. Un padre de familia, que debe ser (pensamos) amante y protector de su esposa y sus hijos, resulta ser un monstruo. El hijo de Torrance no es un ni\u00f1o com\u00fan, y si se salva es porque tiene un poder aterrador\u2026 El secreto del terror es lo desconocido que se revela en lo cotidiano, como supieron King y Kubrick y como saben los grandes creadores de historias de miedo.<\/p>\n<p><em>\u00a9 Alberto Chimal, M\u00e9xico, 2007<\/em><\/p>\n<div align=\"center\">* * *<\/div>\n<p>Extra: la canci\u00f3n \u00abMidnight With The Stars And You\u00bb de <a href=\"http:\/\/es.wikipedia.org\/wiki\/Al_Bowlly\">Al Bowlly<\/a> y la Ray Noble Orchestra (1934), que aparece en momentos destacados de <em>El resplandor<\/em> y ahora est\u00e1 asociada para siempre con la pel\u00edcula.<\/p>\n<p><iframe loading=\"lazy\" src=\"\/\/www.youtube.com\/embed\/vJ9aT-Wa_tE?rel=0\" width=\"384\" height=\"288\" frameborder=\"0\" allowfullscreen=\"allowfullscreen\"><\/iframe>[\/fusion_builder_column][\/fusion_builder_row][\/fusion_builder_container]\n","protected":false},"excerpt":{"rendered":"<p>[fusion_builder_container hundred_percent=\u00bbyes\u00bb overflow=\u00bbvisible\u00bb][fusion_builder_row][fusion_builder_column type=\u00bb1_1&#8243; background_position=\u00bbleft top\u00bb background_color=\u00bb\u00bb border_size=\u00bb\u00bb border_color=\u00bb\u00bb border_style=\u00bbsolid\u00bb spacing=\u00bbyes\u00bb background_image=\u00bb\u00bb background_repeat=\u00bbno-repeat\u00bb padding=\u00bb\u00bb margin_top=\u00bb0px\u00bb margin_bottom=\u00bb0px\u00bb class=\u00bb\u00bb id=\u00bb\u00bb animation_type=\u00bb\u00bb animation_speed=\u00bb0.3&#8243; animation_direction=\u00bbleft\u00bb hide_on_mobile=\u00bbno\u00bb center_content=\u00bbno\u00bb min_height=\u00bbnone\u00bb][Este art\u00edculo se public\u00f3 en 2007, en una versi\u00f3n ligeramente m\u00e1s breve, en la revista Vuelo.] El hotel embrujado m\u00e1s famoso del mundo es el Overlook, que est\u00e1 en las monta\u00f1as de&#8230;<\/p>\n","protected":false},"author":1,"featured_media":11135,"parent":6609,"menu_order":0,"comment_status":"open","ping_status":"open","template":"","meta":{"advanced_seo_description":"","jetpack_seo_html_title":"","jetpack_seo_noindex":false,"jetpack_post_was_ever_published":false,"footnotes":""},"class_list":["post-11134","page","type-page","status-publish","has-post-thumbnail","hentry"],"jetpack_shortlink":"https:\/\/wp.me\/PjEhq-2TA","jetpack_sharing_enabled":true,"_links":{"self":[{"href":"https:\/\/www.lashistorias.com.mx\/index.php\/wp-json\/wp\/v2\/pages\/11134","targetHints":{"allow":["GET"]}}],"collection":[{"href":"https:\/\/www.lashistorias.com.mx\/index.php\/wp-json\/wp\/v2\/pages"}],"about":[{"href":"https:\/\/www.lashistorias.com.mx\/index.php\/wp-json\/wp\/v2\/types\/page"}],"author":[{"embeddable":true,"href":"https:\/\/www.lashistorias.com.mx\/index.php\/wp-json\/wp\/v2\/users\/1"}],"replies":[{"embeddable":true,"href":"https:\/\/www.lashistorias.com.mx\/index.php\/wp-json\/wp\/v2\/comments?post=11134"}],"version-history":[{"count":9,"href":"https:\/\/www.lashistorias.com.mx\/index.php\/wp-json\/wp\/v2\/pages\/11134\/revisions"}],"predecessor-version":[{"id":12498,"href":"https:\/\/www.lashistorias.com.mx\/index.php\/wp-json\/wp\/v2\/pages\/11134\/revisions\/12498"}],"up":[{"embeddable":true,"href":"https:\/\/www.lashistorias.com.mx\/index.php\/wp-json\/wp\/v2\/pages\/6609"}],"wp:featuredmedia":[{"embeddable":true,"href":"https:\/\/www.lashistorias.com.mx\/index.php\/wp-json\/wp\/v2\/media\/11135"}],"wp:attachment":[{"href":"https:\/\/www.lashistorias.com.mx\/index.php\/wp-json\/wp\/v2\/media?parent=11134"}],"curies":[{"name":"wp","href":"https:\/\/api.w.org\/{rel}","templated":true}]}}